{"id":505,"date":"2010-11-17T17:25:40","date_gmt":"2010-11-17T16:25:40","guid":{"rendered":"http:\/\/www.aksvobodovi.cz\/"},"modified":"2020-02-27T13:24:19","modified_gmt":"2020-02-27T12:24:19","slug":"kontakt","status":"publish","type":"page","link":"https:\/\/www.aksvobodovi.cz\/de\/kontakt\/","title":{"rendered":"Kontakt"},"content":{"rendered":"<h2>JUDr. Jan Svoboda, JUDr. Jan Svoboda ml.<\/h2>\n<p><strong>Adresse:<\/strong> Koll\u00e1rova 18, 415 01 Teplice<\/p>\n<p><strong>Tel.\/fax:<\/strong> +421 417 570 169<\/p>\n<p><strong>E-mail:<\/strong> <a href=\"mailto:info@aksvobodovi.cz\">info@aksvobodovi.cz<\/a><\/p>\n<p><iframe loading=\"lazy\" src=\"https:\/\/www.google.com\/maps\/embed?pb=!1m18!1m12!1m3!1d2530.1750382961523!2d13.831138315407019!3d50.64244028139383!2m3!1f0!2f0!3f0!3m2!1i1024!2i768!4f13.1!3m3!1m2!1s0x47098ef344d61a43%3A0x187490a31833e500!2sKoll%C3%A1rova%2018%2C%20415%2001%20Teplice!5e0!3m2!1scs!2scz!4v1582806235904!5m2!1scs!2scz\" width=\"600\" height=\"450\" frameborder=\"0\" style=\"border:0;\" allowfullscreen=\"\"><\/iframe><\/p>\n<h3>Kontakt formular<\/h3>\n<div role=\"form\" class=\"wpcf7\" id=\"wpcf7-f553-o1\" lang=\"en-US\" dir=\"ltr\">\n<div class=\"screen-reader-response\"><\/div>\n<form action=\"https:\/\/www.aksvobodovi.cz\/de\/wp-json\/wp\/v2\/pages\/505#wpcf7-f553-o1\" method=\"post\" class=\"wpcf7-form\" novalidate=\"novalidate\">\n<div style=\"display: none;\">\n<input type=\"hidden\" name=\"_wpcf7\" value=\"553\" \/>\n<input type=\"hidden\" name=\"_wpcf7_version\" value=\"5.1.6\" \/>\n<input type=\"hidden\" name=\"_wpcf7_locale\" value=\"en_US\" \/>\n<input type=\"hidden\" name=\"_wpcf7_unit_tag\" value=\"wpcf7-f553-o1\" \/>\n<input type=\"hidden\" name=\"_wpcf7_container_post\" value=\"0\" \/>\n<input type=\"hidden\" name=\"g-recaptcha-response\" value=\"\" \/>\n<\/div>\n<p>Va\u0161e jm\u00e9no (vy\u017eadov\u00e1no)<br \/>\n    <span class=\"wpcf7-form-control-wrap your-name\"><input type=\"text\" name=\"your-name\" value=\"\" size=\"40\" class=\"wpcf7-form-control wpcf7-text wpcf7-validates-as-required\" aria-required=\"true\" aria-invalid=\"false\" \/><\/span> <\/p>\n<p>V\u00e1\u0161 Email (vy\u017eadov\u00e1no)<br \/>\n    <span class=\"wpcf7-form-control-wrap your-email\"><input type=\"email\" name=\"your-email\" value=\"\" size=\"40\" class=\"wpcf7-form-control wpcf7-text wpcf7-email wpcf7-validates-as-required wpcf7-validates-as-email\" aria-required=\"true\" aria-invalid=\"false\" \/><\/span> <\/p>\n<p>P\u0159edm\u011bt zpr\u00e1vy<br \/>\n    <span class=\"wpcf7-form-control-wrap your-subject\"><input type=\"text\" name=\"your-subject\" value=\"\" size=\"40\" class=\"wpcf7-form-control wpcf7-text wpcf7-validates-as-required\" aria-required=\"true\" aria-invalid=\"false\" \/><\/span> <\/p>\n<p>Va\u0161e zpr\u00e1va<br \/>\n    <span class=\"wpcf7-form-control-wrap your-message\"><textarea name=\"your-message\" cols=\"40\" rows=\"10\" class=\"wpcf7-form-control wpcf7-textarea\" aria-invalid=\"false\"><\/textarea><\/span> <\/p>\n<p><span id=\"wpcf7-69f8acec6f954-wrapper\" class=\"wpcf7-form-control-wrap email_1-wrap\" style=\"display:none !important; visibility:hidden !important;\"><label for=\"wpcf7-69f8acec6f954-field\" class=\"hp-message\">Bitte lasse dieses Feld leer.<\/label><input id=\"wpcf7-69f8acec6f954-field\"  class=\"wpcf7-form-control wpcf7-text\" type=\"text\" name=\"email_1\" value=\"\" size=\"40\" tabindex=\"-1\" autocomplete=\"new-password\" \/><\/span><\/p>\n<p><input type=\"submit\" value=\"Odeslat\" class=\"wpcf7-form-control wpcf7-submit\" \/><\/p>\n<div class=\"wpcf7-response-output wpcf7-display-none\"><\/div><\/form><\/div>\n","protected":false},"excerpt":{"rendered":"<p>JUDr. Jan Svoboda, JUDr. Jan Svoboda ml. Adresse: Koll\u00e1rova 18, 415 01 Teplice Tel.\/fax: +421 417 570 169 E-mail: info@aksvobodovi.cz Kontakt formular<\/p>\n","protected":false},"author":4,"featured_media":0,"parent":0,"menu_order":0,"comment_status":"open","ping_status":"closed","template":"","meta":[],"aioseo_notices":[],"_links":{"self":[{"href":"https:\/\/www.aksvobodovi.cz\/wp-json\/wp\/v2\/pages\/505"}],"collection":[{"href":"https:\/\/www.aksvobodovi.cz\/wp-json\/wp\/v2\/pages"}],"about":[{"href":"https:\/\/www.aksvobodovi.cz\/wp-json\/wp\/v2\/types\/page"}],"author":[{"embeddable":true,"href":"https:\/\/www.aksvobodovi.cz\/wp-json\/wp\/v2\/users\/4"}],"replies":[{"embeddable":true,"href":"https:\/\/www.aksvobodovi.cz\/wp-json\/wp\/v2\/comments?post=505"}],"version-history":[{"count":2,"href":"https:\/\/www.aksvobodovi.cz\/wp-json\/wp\/v2\/pages\/505\/revisions"}],"predecessor-version":[{"id":562,"href":"https:\/\/www.aksvobodovi.cz\/wp-json\/wp\/v2\/pages\/505\/revisions\/562"}],"wp:attachment":[{"href":"https:\/\/www.aksvobodovi.cz\/wp-json\/wp\/v2\/media?parent=505"}],"curies":[{"name":"wp","href":"https:\/\/api.w.org\/{rel}","templated":true}]}}