{"id":537,"date":"2011-11-08T08:46:20","date_gmt":"2011-11-08T07:46:20","guid":{"rendered":"http:\/\/www.aksvobodovi.cz\/"},"modified":"2020-01-09T09:28:41","modified_gmt":"2020-01-09T08:28:41","slug":"cena-sluzeb","status":"publish","type":"page","link":"https:\/\/www.aksvobodovi.cz\/de\/cena-sluzeb\/","title":{"rendered":"Kosten f\u00fcr juristische Dienstleistungen"},"content":{"rendered":"<div id=\"_mcePaste\"><strong>BELOHNEN hinter uns die Service<\/strong><\/div>\n<div>\n<p><strong> <\/strong><\/p>\n<p><strong> <\/strong><strong> <\/strong><\/p>\n<\/div>\n<div id=\"_mcePaste\">Ein Anwalt das Honorar f\u00fcr juristische Dienstleistungen wird durch Vertrag mit dem Kunden geregelt und richtet sich nach dem Wert und der Komplexit\u00e4t des Falles . Die Geb\u00fchren k\u00f6nnen entweder einen festen Betrag , einen Stundensatz oder , in Ausnahmef\u00e4llen ausgehandelt werden gemeinsam die Entscheidung des Rechtsstreits<\/div>\n<div id=\"_mcePaste\">Sofern nicht anders vereinbart Geb\u00fchr , ein Anwalt ist der Mindestumfang f\u00fcr die Art der F\u00e4lle Anw\u00e4lte Tarif angegeben zu zahlen, dh das Justizministerium Dekret Nr. 177\/1996 Coll . auf Verg\u00fctung und der Bef\u00fcrworter f\u00fcr die Erbringung von juristischen Dienstleistungen.<\/div>\n<div id=\"_mcePaste\">Pay -Rate wird immer als als &#8221; Akt der juristischen Dienstleistungen. &#8221; Rechtsakt , werden nach dem gesetzlichen Zinssatz gelten :<\/div>\n<div id=\"_mcePaste\">a) Entgegennahme und Vorbereitung der Vertretung oder Verteidigung<\/div>\n<div id=\"_mcePaste\">b) das erste Treffen mit dem Kunden , einschlie\u00dflich des Erhalts und Vorbereitung der Vertretung und der Verteidigung<\/div>\n<div id=\"_mcePaste\">c ) weitere R\u00fccksprache mit dem Kunden in mehr als einer Stunde<\/div>\n<div id=\"_mcePaste\">d) Schriftsatz an das Gericht oder eine andere Beh\u00f6rde in der Sache ,<\/div>\n<div id=\"_mcePaste\">e) Beteiligung w\u00e4hrend der Ermittlungen in Vorverfahren , und es begann sich alle zwei Stunden<\/div>\n<div id=\"_mcePaste\">f) eine Studie \u00fcber die Datei am Ende der Untersuchung, begann jeder zwei Stunden<\/div>\n<div id=\"_mcePaste\">g) Beteiligung an der Tat der Regierung oder Beh\u00f6rde , die Teilnahme an einem Verfahren vor einem Gericht oder einer anderen Beh\u00f6rde , und es begann sich alle zwei Stunden<\/div>\n<div id=\"_mcePaste\">h) Ausarbeitung einer rechtlichen Analyse des Falles ,<\/div>\n<div id=\"_mcePaste\">i) die Verhandlungen mit der Gegenpartei , und es begann sich alle zwei Stunden<\/div>\n<div id=\"_mcePaste\">j) ein Antrag auf einstweilige Anordnung , wenn es um sie vor dem Beginn des Verfahrens , Rechtsmittel gegen Entscheidungen \u00fcber einstweilige Ma\u00dfnahmen und die Antworten ,<\/div>\n<div id=\"_mcePaste\">k) Beschwerde , Berufung , Antrag auf Wiederaufnahme des Verfahrens oder Beschwerde gegen eine Entscheidung \u00fcber einen Antrag auf Wiederaufnahme des Verfahrens und die Antworten ,<\/div>\n<div id=\"_mcePaste\">l ) initiiert eine Beschwerde wegen Verletzung des Gesetzes und Beobachtungen \u00fcber die Beschwerde wegen Verletzung des Gesetzes,<\/div>\n<div id=\"_mcePaste\">m) das Schreibger\u00e4t von Rechtsstreitigkeiten.<\/div>\n<div id=\"_mcePaste\">Vertrag in H\u00f6he von der H\u00e4lfte der Erbringung von juristischen Dienstleistungen umfasst f\u00fcr jede der folgenden juristischen Dienstleistungen :<\/div>\n<div id=\"_mcePaste\">a) der Antrag auf einstweilige Anordnung , wenn es um sie nach der Einleitung , die Gestaltung der Beweis oder Erbe<\/div>\n<div id=\"_mcePaste\">b ) einen Vorschlag zur Fixierung der Entscheidung, die Folgen eines Ausbleibens der Periode zu beseitigen und die Verurteilung zu \u00e4ndern, um in der Zukunft zu zahlende Leistungen oder die Zahlung in Raten durchzuf\u00fchren ,<\/div>\n<div id=\"_mcePaste\">c) eine Beschwerde gegen die Entscheidung , es sei denn, die Entscheidung in der Sache , und die Expression von solchen Rechtsbehelf ,<\/div>\n<div id=\"_mcePaste\">d) Vorschl\u00e4ge und Beschwerden in F\u00e4llen, in denen Entscheidungen in einer \u00f6ffentlichen Sitzung vorgenommen werden, und spreche ihnen , mit Ausnahme der Beschwerde , <a href=\"http:\/\/www.ticketwatches.com\">cheap replica watches<\/a> der Antrag auf Wiederaufnahme des Verfahrens f\u00fcr Beschwerden \u00fcber Verst\u00f6\u00dfe gegen das Gesetz ,<\/div>\n<div id=\"_mcePaste\">e) im Falle der Durchsetzung , das erste Treffen mit dem Kunden , einschlie\u00dflich der Vertretung der Annahme und Vorbereitung f\u00fcr das Schreiben des urspr\u00fcnglichen Antrags , Erkl\u00e4rung \u00fcber den Vorschlag , die Vertretung in der Verhandlung und Ausarbeitung von Beschwerden gegen Entscheidungen<\/div>\n<div id=\"_mcePaste\">f) die Teilnahme an einer Studie, in der es nur eine Entscheidung ,<\/div>\n<div id=\"_mcePaste\">g) Beteiligung an der Vorbereitung der Verhandlungen 1d)<\/div>\n<div><strong>Die Rate der nicht- vertraglichen Boni f\u00fcr einen Akt der juristischen Dienstleistungen machen den Tarif Wert<\/strong><\/div>\n<div id=\"_mcePaste\">bis 500 CZK 300 CZK<\/div>\n<div id=\"_mcePaste\">\u00dcber 500 CZK 1.000 CZK 500 CZK<\/div>\n<div id=\"_mcePaste\">\u00fcber 1.000 CZK 5.000 CZK 1.000<\/div>\n<div id=\"_mcePaste\">\u00fcber 5.000 CZK 10.000 CZK 1.500 CZK<\/div>\n<div id=\"_mcePaste\">\u00fcber 10.000 CZK 200.000 CZK 1.500 CZK und 40 CZK pro angefangene 1.000 , von denen der Wert \u00fcber 10.000 CZK<\/div>\n<div id=\"_mcePaste\">\u00fcber CZK 200.000 CZK 9.100 CZK 10 .000.000 40 und CZK pro jeder 10.000 CZK, von dem der Wert \u00fcbersteigt CZK 200.000<\/div>\n<div id=\"_mcePaste\">\u00fcber 10 .000.000 CZK 48.300 CZK 40 pro 100.000 CZK jedem , von dem der Wert \u00fcbersteigt 10 Mio. CZK<\/div>\n<div>Niedrigere Preise f\u00fcr Dienstleistungen, die nicht in \u00dcbereinstimmung mit berufsrechtlichen Regelungen CBA -Client kostenlos. Doch der Kunde kann ein Anwalt einen Rabatt von bis zu 30% des gesetzlichen Zinssatzes zu geben. Die H\u00f6he der Rabatt wird immer von der Komplexit\u00e4t und dem Umfang der Fall abh\u00e4ngen.<\/div>\n<div id=\"_mcePaste\">Wenn der Preis mit dem Kunden rechtzeitig Rate ausgehandelt , dann der Grundpreis in Fragen der Gesch\u00e4ftspolitik ist 900 , &#8211; CZK + MwSt. und in anderen F\u00e4llen 750 , &#8211; CZK + MwSt. f\u00fcr jede weitere halbe Stunde.<\/div>\n<div id=\"_mcePaste\">Bei der Vertretung von Mandanten in Zivilverfahren gegen die Gegenpartei eine flache Kosten f\u00fcr juristische Dienstleistungen durch das Ministerium f\u00fcr Justiz Dekret Nr. 484\/2000 Coll belastet.<\/div>\n<div><strong><span style=\"text-decoration: underline;\">Die genaue H\u00f6he des Honorars und der Einzahlung, die Sie immer wir im Voraus zu informieren.<\/span><\/strong><\/div>\n","protected":false},"excerpt":{"rendered":"<p>BELOHNEN hinter uns die Service Ein Anwalt das Honorar f\u00fcr juristische Dienstleistungen wird durch Vertrag mit dem Kunden geregelt und richtet sich nach dem Wert und der Komplexit\u00e4t des Falles . Die Geb\u00fchren k\u00f6nnen entweder einen festen Betrag , einen &hellip; <a href=\"https:\/\/www.aksvobodovi.cz\/de\/cena-sluzeb\/\">Continue reading <span class=\"meta-nav\">&rarr;<\/span><\/a><\/p>\n","protected":false},"author":4,"featured_media":0,"parent":0,"menu_order":0,"comment_status":"open","ping_status":"closed","template":"","meta":[],"aioseo_notices":[],"_links":{"self":[{"href":"https:\/\/www.aksvobodovi.cz\/wp-json\/wp\/v2\/pages\/537"}],"collection":[{"href":"https:\/\/www.aksvobodovi.cz\/wp-json\/wp\/v2\/pages"}],"about":[{"href":"https:\/\/www.aksvobodovi.cz\/wp-json\/wp\/v2\/types\/page"}],"author":[{"embeddable":true,"href":"https:\/\/www.aksvobodovi.cz\/wp-json\/wp\/v2\/users\/4"}],"replies":[{"embeddable":true,"href":"https:\/\/www.aksvobodovi.cz\/wp-json\/wp\/v2\/comments?post=537"}],"version-history":[{"count":1,"href":"https:\/\/www.aksvobodovi.cz\/wp-json\/wp\/v2\/pages\/537\/revisions"}],"predecessor-version":[{"id":539,"href":"https:\/\/www.aksvobodovi.cz\/wp-json\/wp\/v2\/pages\/537\/revisions\/539"}],"wp:attachment":[{"href":"https:\/\/www.aksvobodovi.cz\/wp-json\/wp\/v2\/media?parent=537"}],"curies":[{"name":"wp","href":"https:\/\/api.w.org\/{rel}","templated":true}]}}