{"id":505,"date":"2010-11-17T17:25:40","date_gmt":"2010-11-17T16:25:40","guid":{"rendered":"http:\/\/www.aksvobodovi.cz\/"},"modified":"2020-02-27T13:24:19","modified_gmt":"2020-02-27T12:24:19","slug":"kontakt","status":"publish","type":"page","link":"https:\/\/www.aksvobodovi.cz\/ru\/kontakt\/","title":{"rendered":"\u041a\u043e\u043d\u0442\u0430\u043a\u0442\u044b"},"content":{"rendered":"<p><strong>JUDr. \u042f\u043d \u0421\u0432\u043e\u0431\u043e\u0434\u0430<\/strong><\/p>\n<p><strong>\u0410\u0434\u0440\u0435\u0441<strong>:<\/strong><\/strong> Koll\u00e1rova 18, 415 01 Teplice<\/p>\n<p><strong>\u0422\u0435\u043b. \/ \u0444\u0430\u043a\u0441<strong>:<\/strong> <\/strong>+421 417 570 169<\/p>\n<p><strong>\u042d\u043b\u0435\u043a\u0442\u0440\u043e\u043d\u043d\u0430\u044f \u043f\u043e\u0447\u0442\u0430<strong>:<\/strong><\/strong> <a href=\"mailto:info@aksvobodovi.cz\">info@aksvobodovi.cz<\/a><\/p>\n<p>[cetsEmbedGmap src=http:\/\/maps.google.com\/maps?f=q&amp;source=s_q&amp;hl=cs&amp;geocode=&amp;q=google+maps+Koll%C3%A1rova+18,+Teplice&amp;sll=50.642508,13.832474&amp;sspn=0.009389,0.027874&amp;gl=cz&amp;brcurrent=5,0,0&amp;ie=UTF8&amp;hq=&amp;hnear=Koll%C3%A1rova+1064%2F18,+415+01+Teplice&amp;ll=50.642671,13.832474&amp;spn=0.009389,0.027874&amp;z=16 width=600 height=350 marginwidth=0 marginheight=0 frameborder=0 scrolling=no]<\/p>\n<p><strong>\u041a\u043e\u043d\u0442\u0430\u043a\u0442\u043d\u044b\u0439 \u0444\u043e\u0440\u043c\u0443\u043b\u044f\u0440<\/strong><\/p>\n<div role=\"form\" class=\"wpcf7\" id=\"wpcf7-f553-o1\" lang=\"en-US\" dir=\"ltr\">\n<div class=\"screen-reader-response\"><\/div>\n<form action=\"https:\/\/www.aksvobodovi.cz\/ru\/wp-json\/wp\/v2\/pages\/505#wpcf7-f553-o1\" method=\"post\" class=\"wpcf7-form\" novalidate=\"novalidate\">\n<div style=\"display: none;\">\n<input type=\"hidden\" name=\"_wpcf7\" value=\"553\" \/>\n<input type=\"hidden\" name=\"_wpcf7_version\" value=\"5.1.6\" \/>\n<input type=\"hidden\" name=\"_wpcf7_locale\" value=\"en_US\" \/>\n<input type=\"hidden\" name=\"_wpcf7_unit_tag\" value=\"wpcf7-f553-o1\" \/>\n<input type=\"hidden\" name=\"_wpcf7_container_post\" value=\"0\" \/>\n<input type=\"hidden\" name=\"g-recaptcha-response\" value=\"\" \/>\n<\/div>\n<p>Va\u0161e jm\u00e9no (vy\u017eadov\u00e1no)<br \/>\n    <span class=\"wpcf7-form-control-wrap your-name\"><input type=\"text\" name=\"your-name\" value=\"\" size=\"40\" class=\"wpcf7-form-control wpcf7-text wpcf7-validates-as-required\" aria-required=\"true\" aria-invalid=\"false\" \/><\/span> <\/p>\n<p>V\u00e1\u0161 Email (vy\u017eadov\u00e1no)<br \/>\n    <span class=\"wpcf7-form-control-wrap your-email\"><input type=\"email\" name=\"your-email\" value=\"\" size=\"40\" class=\"wpcf7-form-control wpcf7-text wpcf7-email wpcf7-validates-as-required wpcf7-validates-as-email\" aria-required=\"true\" aria-invalid=\"false\" \/><\/span> <\/p>\n<p>P\u0159edm\u011bt zpr\u00e1vy<br \/>\n    <span class=\"wpcf7-form-control-wrap your-subject\"><input type=\"text\" name=\"your-subject\" value=\"\" size=\"40\" class=\"wpcf7-form-control wpcf7-text wpcf7-validates-as-required\" aria-required=\"true\" aria-invalid=\"false\" \/><\/span> <\/p>\n<p>Va\u0161e zpr\u00e1va<br \/>\n    <span class=\"wpcf7-form-control-wrap your-message\"><textarea name=\"your-message\" cols=\"40\" rows=\"10\" class=\"wpcf7-form-control wpcf7-textarea\" aria-invalid=\"false\"><\/textarea><\/span> <\/p>\n<p><span id=\"wpcf7-69f50b5563d79-wrapper\" class=\"wpcf7-form-control-wrap email_1-wrap\" style=\"display:none !important; visibility:hidden !important;\"><label for=\"wpcf7-69f50b5563d79-field\" class=\"hp-message\">\u041e\u0441\u0442\u0430\u0432\u044c\u0442\u0435 \u044d\u0442\u043e \u043f\u043e\u043b\u0435 \u043f\u0443\u0441\u0442\u044b\u043c.<\/label><input id=\"wpcf7-69f50b5563d79-field\"  class=\"wpcf7-form-control wpcf7-text\" type=\"text\" name=\"email_1\" value=\"\" size=\"40\" tabindex=\"-1\" autocomplete=\"new-password\" \/><\/span><\/p>\n<p><input type=\"submit\" value=\"Odeslat\" class=\"wpcf7-form-control wpcf7-submit\" \/><\/p>\n<div class=\"wpcf7-response-output wpcf7-display-none\"><\/div><\/form><\/div>\n","protected":false},"excerpt":{"rendered":"<p>JUDr. \u042f\u043d \u0421\u0432\u043e\u0431\u043e\u0434\u0430 \u0410\u0434\u0440\u0435\u0441: Koll\u00e1rova 18, 415 01 Teplice \u0422\u0435\u043b. \/ \u0444\u0430\u043a\u0441: +421 417 570 169 \u042d\u043b\u0435\u043a\u0442\u0440\u043e\u043d\u043d\u0430\u044f \u043f\u043e\u0447\u0442\u0430: info@aksvobodovi.cz [cetsEmbedGmap src=http:\/\/maps.google.com\/maps?f=q&amp;source=s_q&amp;hl=cs&amp;geocode=&amp;q=google+maps+Koll%C3%A1rova+18,+Teplice&amp;sll=50.642508,13.832474&amp;sspn=0.009389,0.027874&amp;gl=cz&amp;brcurrent=5,0,0&amp;ie=UTF8&amp;hq=&amp;hnear=Koll%C3%A1rova+1064%2F18,+415+01+Teplice&amp;ll=50.642671,13.832474&amp;spn=0.009389,0.027874&amp;z=16 width=600 height=350 marginwidth=0 marginheight=0 frameborder=0 scrolling=no] \u041a\u043e\u043d\u0442\u0430\u043a\u0442\u043d\u044b\u0439 \u0444\u043e\u0440\u043c\u0443\u043b\u044f\u0440<\/p>\n","protected":false},"author":4,"featured_media":0,"parent":0,"menu_order":0,"comment_status":"open","ping_status":"closed","template":"","meta":[],"aioseo_notices":[],"_links":{"self":[{"href":"https:\/\/www.aksvobodovi.cz\/wp-json\/wp\/v2\/pages\/505"}],"collection":[{"href":"https:\/\/www.aksvobodovi.cz\/wp-json\/wp\/v2\/pages"}],"about":[{"href":"https:\/\/www.aksvobodovi.cz\/wp-json\/wp\/v2\/types\/page"}],"author":[{"embeddable":true,"href":"https:\/\/www.aksvobodovi.cz\/wp-json\/wp\/v2\/users\/4"}],"replies":[{"embeddable":true,"href":"https:\/\/www.aksvobodovi.cz\/wp-json\/wp\/v2\/comments?post=505"}],"version-history":[{"count":2,"href":"https:\/\/www.aksvobodovi.cz\/wp-json\/wp\/v2\/pages\/505\/revisions"}],"predecessor-version":[{"id":562,"href":"https:\/\/www.aksvobodovi.cz\/wp-json\/wp\/v2\/pages\/505\/revisions\/562"}],"wp:attachment":[{"href":"https:\/\/www.aksvobodovi.cz\/wp-json\/wp\/v2\/media?parent=505"}],"curies":[{"name":"wp","href":"https:\/\/api.w.org\/{rel}","templated":true}]}}